{"id":1996,"date":"2017-08-30T09:52:47","date_gmt":"2017-08-30T07:52:47","guid":{"rendered":"http:\/\/www.kamen.hr\/?page_id=1996"},"modified":"2018-08-11T15:38:54","modified_gmt":"2018-08-11T13:38:54","slug":"naslovnica","status":"publish","type":"page","link":"https:\/\/www.kamen.hr\/hr\/","title":{"rendered":"Naslovnica"},"content":{"rendered":"<p>Tvrtka Kamen dioni\u010dko je dru\u0161tvo koje se od 1954. godine bavi eksploatacijom, preradom i primjenom arhitektonsko-gra\u0111evinskog kamena. Kamen d.d. proizvodi blokove vapnenca u 7 kamenoloma na podru\u010dju Istre i Dalmacije. Obrada kamena i proizvodnja brojnih finalnih proizvoda odvija se na pilani u Pazinu. Ve\u0107i dio proizvodnje je baziran na Istarskom \u017eutom (poznat i kao Kanfanar), tvr\u0111im vapnencima Kirmenjaku i Mironji, te Valturi i Planu. Osim \u0161to je lider na doma\u0107em tr\u017ei\u0161tu, tvrtka je izvozno orijentirana i stalno prisutna na tr\u017ei\u0161tima Francuske, Italije, Njema\u010dke, \u0160vicarske, Austrije, Slovenije, Luksemburga, Belgije, Danske, Ma\u0111arske, Poljske, \u010ce\u0161ke, Rumunjske, Kine, SAD-a, Rusije, Ujedinjenog Kraljevstva, Crne Gore i Srbije.<\/p>","protected":false},"excerpt":{"rendered":"<p>Tvrtka Kamen dioni\u010dko je dru\u0161tvo koje se od 1954. godine bavi eksploatacijom, preradom i primjenom arhitektonsko-gra\u0111evinskog kamena. Kamen d.d. proizvodi blokove vapnenca u 7 kamenoloma na podru\u010dju Istre i Dalmacije. Obrada kamena i proizvodnja brojnih finalnih proizvoda odvija se na pilani u Pazinu. Ve\u0107i dio proizvodnje je baziran na Istarskom \u017eutom (poznat i kao Kanfanar), [&hellip;]<\/p>\n","protected":false},"author":1,"featured_media":0,"parent":0,"menu_order":0,"comment_status":"closed","ping_status":"closed","template":"template_home.php","meta":{"_acf_changed":false,"footnotes":""},"class_list":["post-1996","page","type-page","status-publish","hentry"],"acf":[],"_links":{"self":[{"href":"https:\/\/www.kamen.hr\/hr\/wp-json\/wp\/v2\/pages\/1996","targetHints":{"allow":["GET"]}}],"collection":[{"href":"https:\/\/www.kamen.hr\/hr\/wp-json\/wp\/v2\/pages"}],"about":[{"href":"https:\/\/www.kamen.hr\/hr\/wp-json\/wp\/v2\/types\/page"}],"author":[{"embeddable":true,"href":"https:\/\/www.kamen.hr\/hr\/wp-json\/wp\/v2\/users\/1"}],"replies":[{"embeddable":true,"href":"https:\/\/www.kamen.hr\/hr\/wp-json\/wp\/v2\/comments?post=1996"}],"version-history":[{"count":8,"href":"https:\/\/www.kamen.hr\/hr\/wp-json\/wp\/v2\/pages\/1996\/revisions"}],"predecessor-version":[{"id":3050,"href":"https:\/\/www.kamen.hr\/hr\/wp-json\/wp\/v2\/pages\/1996\/revisions\/3050"}],"wp:attachment":[{"href":"https:\/\/www.kamen.hr\/hr\/wp-json\/wp\/v2\/media?parent=1996"}],"curies":[{"name":"wp","href":"https:\/\/api.w.org\/{rel}","templated":true}]}}