{"id":3641,"date":"2022-03-08T16:36:09","date_gmt":"2022-03-08T15:36:09","guid":{"rendered":"https:\/\/www.kamen.hr\/?page_id=3641"},"modified":"2023-12-22T13:14:12","modified_gmt":"2023-12-22T12:14:12","slug":"eu-projekt","status":"publish","type":"page","link":"https:\/\/www.kamen.hr\/hr\/eu-projekt\/","title":{"rendered":"EU projekt"},"content":{"rendered":"<p><img loading=\"lazy\" decoding=\"async\" width=\"1000\" height=\"127\" class=\"alignnone wp-image-3649 size-full\" style=\"width: 100%; height: auto; object-fit: scale-down;\" src=\"https:\/\/www.kamen.hr\/wp-content\/uploads\/2022\/03\/eu_next_generation-1.jpg\" alt=\"\" srcset=\"https:\/\/www.kamen.hr\/wp-content\/uploads\/2022\/03\/eu_next_generation-1.jpg 1000w, https:\/\/www.kamen.hr\/wp-content\/uploads\/2022\/03\/eu_next_generation-1-300x38.jpg 300w, https:\/\/www.kamen.hr\/wp-content\/uploads\/2022\/03\/eu_next_generation-1-768x98.jpg 768w, https:\/\/www.kamen.hr\/wp-content\/uploads\/2022\/03\/eu_next_generation-1-400x51.jpg 400w, https:\/\/www.kamen.hr\/wp-content\/uploads\/2022\/03\/eu_next_generation-1-600x76.jpg 600w\" sizes=\"auto, (max-width: 1000px) 100vw, 1000px\" \/><\/p>\n<p>&nbsp;<\/p>\n<h2>Obavijest o projektu i sufinanciranju<\/h2>\n<p>Na temelju Odluke o sustavu upravljanja pra\u0107enju provedbe aktivnosti u okviru Nacionalnog programa oporavka i otpornosti 2021-2026., Programa dodjele dr\u017eavnih potpora za promicanje energetske u\u010dinkovitosti i kori\u0161tenja obnovljivih izvora energije u poduze\u0107ima, te Poziva na dostavu projektnih prijedloga \u201ePove\u0107anje energetske u\u010dinkovitosti i kori\u0161tenja obnovljivih izvora energije u proizvodnim industrijama\u201c, potpisan je ugovor izme\u0111u Ministarstva gospodarstva i odr\u017eivog razvoja i tvrtke Kamen dioni\u010dko dru\u0161tvo\u00a0 za proizvodnju i obradu kamena.<\/p>\n<p>Ugovor o dodjeli bespovratnih sredstava za projekte koji se financiraju iz mehanizma za oporavak i otpornost 2021.- 2026. potpisan je 22. 12. 2021. godine u Zagrebu. Ugovor su potpisali Ministar gospodarstva i odr\u017eivog razvoja, Tomislav \u0106ori\u0107, u ime Provedbenog tijela, Fonda za za\u0161titu okoli\u0161a i energetsku u\u010dinkovitost, Sini\u0161a Kuki\u0107 i u ime Kamen d.d. Aleksandra Krebel Kostren\u010di\u0107.<\/p>\n<p><strong>Cilj i kratki opis aktivnosti<\/strong><\/p>\n<p>Osnovni cilj ovog projekta je smanjiti potro\u0161nju za 30,24% u proizvodnom pogonu te za 76,39% na mehani\u010dkoj radionici tvrtke Kamen d.d. u odnosu na isporu\u010denu energiju prije provedbe projekta. Jednako tako cilj je pove\u0107ati udio kori\u0161tenja obnovljive energije u bruto potro\u0161nji energije za 1.152.818,01 kwh\/god te smanjiti emisiju CO2 za 603,28543 t\/god.<\/p>\n<p>Do ovog cilja tvrtka Kamen d.d. do\u0107i \u0107e realizacijom ovog projekta koji se sastoji od sljede\u0107ih mjera:<\/p>\n<ol>\n<li>Izgradnja fotonaponske elektrane , ukupne instalirane snage 253,80 kw. Elektrana \u0107e proizvoditi energiju iz obnovljivih izvora te se priklju\u010diti na postoje\u0107u elektrodistribucijsku mre\u017eu, sve sa ciljem vlastite potro\u0161nje ve\u0107ine proizvedene energije i prodaje eventualnog \u201evi\u0161ka\u201c energije HEP ODS-u.<\/li>\n<li>Modernizacija sustava rasvjete koja \u0107e obuhvatiti proizvodni pogon Pilana Kamen Pazin, a kojom \u0107e se smanjiti instalirana snaga rasvjetnih tijela, vr\u0161no optere\u0107enje, potro\u0161nja isporu\u010dene elektri\u010dne energije i proizvodnja stakleni\u010dkih plinova predmetnog prostora.<\/li>\n<li>Izmjena u dijelu tehnolo\u0161kog procesa paljenja kamena pri \u010demu se planira ugradnja nove automatske linije za paljenje kamenih i granitnih plo\u010da, koja je energetski u\u010dinkovitija.<\/li>\n<li>Kompenzacija jalove energije podrazumijeva ugradnju ure\u0111aja za kompenzaciju jalove snage na mjestima gdje za to postoji potreba. Kao najprikladnije rje\u0161enje pokazala se ugradnja kondenzatorskih baterija. Osim \u0161to se time smanjuju gubici i pobolj\u0161avaju energetske prilike u mre\u017ei, smanjuju se i tro\u0161kovi jer ne treba pla\u0107ati prekomjerno preuzetu jalovu energiju.<\/li>\n<li>Ugradnja sustava za frekventnu regulaciju \u2013 rije\u010d je o ugradnji elektronskih ure\u0111aja koji omogu\u0107avaju upravljanje brzinom trofaznih asinkronih motora pretvaraju\u0107i ulazni mre\u017eni napon i frekvenciju, koji su fiksne vrijednosti, u promjenjive veli\u010dine. Kori\u0161tenjem frekventnog regulatora za kontroliranje brzine motora mo\u017ee se u\u0161tedjeti i do 70% energije.<\/li>\n<li>Ugradnja sustava za nadzor potro\u0161nje energenata kojom je predvi\u0111eno upravljanje i nadzor nad energentima u proizvodnom pogonu Kamen d.d. Obzirom da cijena energenata i vode kontinuirano raste, sve je ve\u0107a potreba za njihovim racionalnim tro\u0161enjem. Konkretno, u sva mjerila potro\u0161nje energenata i vode ugra\u0111uje se oprema za daljinsko o\u010ditanje. Sva mjerenja prate se u realnom vremenu i tako se osigurava bolje upravljanje potro\u0161njom pra\u0107enih energenata i vode.<\/li>\n<li>Zamjena postoje\u0107ih neu\u010dinkovitih kompresora kojima \u0107e se stare kompresorske stanice zamijeniti novim vij\u010danim kompresorom. Zamjenom \u0107e se posti\u0107i smanjenje potro\u0161nje elektri\u010dne energije u prosjeku za 50%.<\/li>\n<li>Instalacija sustava za grijanje, hla\u0111enje i ventilaciju hale mehani\u010dke radionice koja se nalazi unutar proizvodnog kompleksa. Trenutno se za grijanje cijele hale koristi termogen koji za pogon koristi lo\u017e ulje ekstra lako. Projektom je predvi\u0111ena zamjena postoje\u0107eg ure\u0111aja za grijanje hale sa dizalicom topline Zrak-Voda.<\/li>\n<\/ol>\n<p>Na ovaj na\u010din doprinosi se pove\u0107anju konkurentnosti dru\u0161tva Kamen d.d. i u\u010dinkovitijem kori\u0161tenju energije u proizvodnim industrijama Republike Hrvatske. I radnici i gra\u0111ani imat \u0107e \u010di\u0161\u0107i okoli\u0161.<\/p>\n<p>&nbsp;<\/p>\n<p><strong>Naziv i nositelj projekta<\/strong><\/p>\n<p>\u201ePove\u0107anje energetske u\u010dinkovitosti i kori\u0161tenje obnovljivih izvora energije u proizvodnom pogonu pilana Kamen Pazin\u201c K.K.04.1.1.03.0358. Nositelj projekta je Kamen d.d.<\/p>\n<p><strong>Ukupna vrijednost projekta<\/strong><\/p>\n<p>Ukupna vrijednost projekta je 13.810.605,78 HRK,\u00a0 od toga bespovratna sredstva iznose 7.701.932,12 HRK. Razliku \u0107e financirati dru\u0161tvo Kamen d.d. iz vlastitih sredstava, obzirom na \u010dinjenicu da se predvi\u0111a godi\u0161nja u\u0161teda u proizvodnom pogonu od 752.284,01 kwh te vlastita proizvodnja iz obnovljivih izvora energije od 1.152.818,01 kwh, tako da \u0107e se dru\u0161tvu otvoriti slobodna sredstva za financiranje razlike do pune vrijednosti projekta.<\/p>\n<p>&nbsp;<\/p>\n<p><strong>Eu udio u financiranju projekta<\/strong><\/p>\n<p>7.701.932,12 HRK<\/p>\n<p><strong>Razdoblje provedbe projekta<\/strong><\/p>\n<p>Projekt se provodi od 21. rujna 2020. do 30. lipnja 2023. godine<\/p>\n<p><strong>Sukob interesa<\/strong><\/p>\n<p>Naru\u010ditelj KAMEN d.d., Trg Slobode 2, Pazin, OIB 05937912798, ne smije zaklju\u010diti ugovore sa:<\/p>\n<ul>\n<li>ISTRA-MARMI dru\u0161tvo s ograni\u010denom odgovorno\u0161\u0107u za proizvodnju, obradu i ugradbu kamena, OIB:\u00a032087009809<\/li>\n<li>BENEDIKT d.o.o. putni\u010dka agencija i ugostiteljstvo, OIB:\u00a000476195984<\/li>\n<li>ECONOMY d.o.o. za reviziju i ra\u010dunovodstvo, OIB:\u00a056788189835<\/li>\n<li>SONJA FABRIS-IV\u0160I\u0106, Djelatnost specijalisti\u010dke medicinske prakse, OIB 11421449772, MBO 80514626<\/li>\n<li>SUPELLEX d.o.o. za trgovinu u likvidaciji, OIB:\u00a085974454086<\/li>\n<li>KOSTREN\u010cI\u0106 I KREBEL-ARHITEKTI d.o.o. za projektiranje, gra\u0111enje i nadzor, OIB:\u00a017820299583<\/li>\n<li>KAMEN PRODUKT d.o.o., Pazin, Trg slobode 2, OIB 77585581674<\/li>\n<li>MORAVAMERMER PREDUZE\u0106E ZA PROIZVODNJU I PRERADU MERMERA AD, BEOGRAD (SAVSKI VENAC)- U STE\u010cAJU, Bulevar Vojvode Mi\u0161i\u0107a 14, Hala 4, Mati\u010dni broj: 07016638<\/li>\n<li>HARI KREBEL, vlasnik obrta KREBEL, obrt za pilanarstvo i prijevoz, Pore\u010d, \u0160padi\u0107i 58, OIB 91983933077, MBO 90657209<\/li>\n<li>ADRIS GRUPA dioni\u010dko dru\u0161tvo za upravljanje i ulaganje, OIB 82023167977<\/li>\n<li>IRTA Istarska razvojna turisti\u010dka agencija d.o.o. Pore\u010d, OIB 07683061191<\/li>\n<li>MAISTRA dioni\u010dko dru\u0161tvo za hotelijerstvo i turizam, OIB 25190869349<\/li>\n<li>GTG NEKRETNINE d.o.o. za poslovanje nekretninama i putni\u010dka agencija, OIB 53693001753<\/li>\n<li>MON PERIN dioni\u010dko dru\u0161tvo za turizam, ugostiteljstvo, poljoprivredu i poslovanje nekretninama OIB 06374155285<\/li>\n<li>ATLAS turisti\u010dka agencija dioni\u010dko dru\u0161tvo, OIB 02041978827<\/li>\n<li>GRAND HOTEL IMPERIAL d.d., OIB 33981559350<\/li>\n<li>HOTELI DUBROVA\u010cKA RIVIJERA dioni\u010dko dru\u0161tvo, hoteli i ljetovali\u0161ta, OIB 37194694568<\/li>\n<li>HUP \u2013 ZAGREB dioni\u010dko dru\u0161tvo hotelijerstvo, ugostiteljstvo i turizam, OIB 66859264899<\/li>\n<li>ADRIATICA.NET, turisti\u010dka agencija, dru\u0161tvo s ograni\u010denom odgovorno\u0161\u0107u, OIB 20350489217<\/li>\n<li>POBJEDA-POBJEDA d.o.o. za usluge upravljanja hotelima-u likvidaciji, OIB 09982566870<\/li>\n<li>OBITELJSKO POLJOPRIVREDNO GOSPODARSTVO ROBERT UJ\u010cI\u0106,OIB 92042003563, MIBPG 0067844<\/li>\n<li>ISTRA-PAPIR d.o.o., Gradskih igrali\u0161ta 3, Pazin, OIB 23907732105<\/li>\n<li>AKADEMSKI KLUB RUKOMETA NA PIJESKU, ZAGREB, Bitorajska 24, Zagreb, OIB 44336437867<\/li>\n<li>STEFANUTTI d.o.o., Katun Trvi\u0161ki 86 d, Pazin, OIB 20165440571<\/li>\n<li>SARA KIR\u0160I\u0106, vlasnik obrta KI\u0160A STUDIO, obrt za dizajn, umjetni\u010dke usluge i proizvodnju, Josipa Volti\u0107a 15, Pazin, OIB 37504600884, MBO 98085808<\/li>\n<li>FRANKO VOZILA, vlasnik obrta FRANKO VOZILA, obrt za cestovni prijevoz tereta, Katun Trvi\u0161ki 97, Pazin, OIB: 49609396910, MBO 97340642<\/li>\n<li>NENAD ERIK, vlasnik obrta SIEN, obrt za popravak elektri\u010dnih i ku\u0107anskih aparata, Karojba, Pilati 78B, OIB 14341867290, MBO 97527017<\/li>\n<li>ERIK MLADEN, vlasnik obrt ELER, elektroinstalaterski i elektromehani\u010darski obrt, Pazin, Ivoli 112\/D, OIB 65986419211, MBO 91643414<\/li>\n<li>MARINO IVAN\u010cI\u0106, vlasnik obrt KERAMIKA IVAN\u010cI\u0106, obrt za zavr\u0161ne gra\u0111evinske gradove, Labin, Kapelica br. 134, OIB 37150977422, MBO 91386438<\/li>\n<li>KERAMIKA MARINO d.o.o., Nede\u0161\u0107ina, Fri\u017eolini 148 G, OIB 98590069437<\/li>\n<li>TRGOHISTRIA, dru\u0161tvo za promet robom na veliko i malo, export-import d.d., Ljudevita Gaja 20, Pula, OIB 86337988566<\/li>\n<li>DIZL, dru\u0161tvo s ograni\u010denom odgovorno\u0161\u0107u za trgovinu u likvidaciji, Lindar 5\/b, Pazin, OIB 41587524307<\/li>\n<li>DOMUS-BRIONI dru\u0161tvo sa ograni\u010denom odgovorno\u0161\u0107u za trgovinu i putni\u010dka agencija u likvidaciji, Dinka Trinajsti\u0107a 2, Pazin, OIB 13819780874<\/li>\n<li>GEORUDA dru\u0161tvo s ograni\u010denom odgovorno\u0161\u0107u za va\u0111enje i obradu kamena u likvidaciji, Trg Slobode 2, Pazin, OIB 35131571731&#8243;<\/li>\n<\/ul>\n<p><b>Zavr\u0161etak projekta<\/b><\/p>\n<p>Tekst: &#8220;Projekt je u cijelosti implementiran i primopredaja radova je izvr\u0161ena sa danom 22.prosinca 2023.godine. U prilogu mo\u017eete vidjeti nekoliko slika razne opreme instalirane u okviru implementiranog projekta.&#8221;<\/p>\n\n\t\t<style type=\"text\/css\">\n\t\t\t#gallery-1 {\n\t\t\t\tmargin: auto;\n\t\t\t}\n\t\t\t#gallery-1 .gallery-item {\n\t\t\t\tfloat: left;\n\t\t\t\tmargin-top: 10px;\n\t\t\t\ttext-align: center;\n\t\t\t\twidth: 25%;\n\t\t\t}\n\t\t\t#gallery-1 img {\n\t\t\t\tborder: 2px solid #cfcfcf;\n\t\t\t}\n\t\t\t#gallery-1 .gallery-caption {\n\t\t\t\tmargin-left: 0;\n\t\t\t}\n\t\t\t\/* see gallery_shortcode() in wp-includes\/media.php *\/\n\t\t<\/style>\n\t\t<div id='gallery-1' class='gallery galleryid-3641 gallery-columns-4 gallery-size-thumbnail'><dl class='gallery-item'>\n\t\t\t<dt class='gallery-icon landscape'>\n\t\t\t\t<a href='https:\/\/www.kamen.hr\/wp-content\/uploads\/2023\/12\/photo_2023-12-22-13.12.14.jpeg' title=\"\" data-rl_title=\"\" class=\"rl-gallery-link\" data-rl_caption=\"\" data-rel=\"lightbox-gallery-1\"><img loading=\"lazy\" decoding=\"async\" width=\"150\" height=\"150\" src=\"https:\/\/www.kamen.hr\/wp-content\/uploads\/2023\/12\/photo_2023-12-22-13.12.14-150x150.jpeg\" class=\"attachment-thumbnail size-thumbnail\" alt=\"\" \/><\/a>\n\t\t\t<\/dt><\/dl><dl class='gallery-item'>\n\t\t\t<dt class='gallery-icon portrait'>\n\t\t\t\t<a href='https:\/\/www.kamen.hr\/wp-content\/uploads\/2023\/12\/photo_2023-12-22-13.12.13.jpeg' title=\"\" data-rl_title=\"\" class=\"rl-gallery-link\" data-rl_caption=\"\" data-rel=\"lightbox-gallery-1\"><img loading=\"lazy\" decoding=\"async\" width=\"150\" height=\"150\" src=\"https:\/\/www.kamen.hr\/wp-content\/uploads\/2023\/12\/photo_2023-12-22-13.12.13-150x150.jpeg\" class=\"attachment-thumbnail size-thumbnail\" alt=\"\" \/><\/a>\n\t\t\t<\/dt><\/dl><dl class='gallery-item'>\n\t\t\t<dt class='gallery-icon portrait'>\n\t\t\t\t<a href='https:\/\/www.kamen.hr\/wp-content\/uploads\/2023\/12\/photo_2023-12-22-13.12.11.jpeg' title=\"\" data-rl_title=\"\" class=\"rl-gallery-link\" data-rl_caption=\"\" data-rel=\"lightbox-gallery-1\"><img loading=\"lazy\" decoding=\"async\" width=\"150\" height=\"150\" src=\"https:\/\/www.kamen.hr\/wp-content\/uploads\/2023\/12\/photo_2023-12-22-13.12.11-150x150.jpeg\" class=\"attachment-thumbnail size-thumbnail\" alt=\"\" \/><\/a>\n\t\t\t<\/dt><\/dl><dl class='gallery-item'>\n\t\t\t<dt class='gallery-icon portrait'>\n\t\t\t\t<a href='https:\/\/www.kamen.hr\/wp-content\/uploads\/2023\/12\/photo_2023-12-22-13.12.10.jpeg' title=\"\" data-rl_title=\"\" class=\"rl-gallery-link\" data-rl_caption=\"\" data-rel=\"lightbox-gallery-1\"><img loading=\"lazy\" decoding=\"async\" width=\"150\" height=\"150\" src=\"https:\/\/www.kamen.hr\/wp-content\/uploads\/2023\/12\/photo_2023-12-22-13.12.10-150x150.jpeg\" class=\"attachment-thumbnail size-thumbnail\" alt=\"\" \/><\/a>\n\t\t\t<\/dt><\/dl><br style=\"clear: both\" \/><dl class='gallery-item'>\n\t\t\t<dt class='gallery-icon portrait'>\n\t\t\t\t<a href='https:\/\/www.kamen.hr\/wp-content\/uploads\/2023\/12\/photo_2023-12-22-13.12.09.jpeg' title=\"\" data-rl_title=\"\" class=\"rl-gallery-link\" data-rl_caption=\"\" data-rel=\"lightbox-gallery-1\"><img loading=\"lazy\" decoding=\"async\" width=\"150\" height=\"150\" src=\"https:\/\/www.kamen.hr\/wp-content\/uploads\/2023\/12\/photo_2023-12-22-13.12.09-150x150.jpeg\" class=\"attachment-thumbnail size-thumbnail\" alt=\"\" \/><\/a>\n\t\t\t<\/dt><\/dl><dl class='gallery-item'>\n\t\t\t<dt class='gallery-icon portrait'>\n\t\t\t\t<a href='https:\/\/www.kamen.hr\/wp-content\/uploads\/2023\/12\/photo_2023-12-22-13.12.08.jpeg' title=\"\" data-rl_title=\"\" class=\"rl-gallery-link\" data-rl_caption=\"\" data-rel=\"lightbox-gallery-1\"><img loading=\"lazy\" decoding=\"async\" width=\"150\" height=\"150\" src=\"https:\/\/www.kamen.hr\/wp-content\/uploads\/2023\/12\/photo_2023-12-22-13.12.08-150x150.jpeg\" class=\"attachment-thumbnail size-thumbnail\" alt=\"\" \/><\/a>\n\t\t\t<\/dt><\/dl><dl class='gallery-item'>\n\t\t\t<dt class='gallery-icon portrait'>\n\t\t\t\t<a href='https:\/\/www.kamen.hr\/wp-content\/uploads\/2023\/12\/photo_2023-12-22-13.12.07.jpeg' title=\"\" data-rl_title=\"\" class=\"rl-gallery-link\" data-rl_caption=\"\" data-rel=\"lightbox-gallery-1\"><img loading=\"lazy\" decoding=\"async\" width=\"150\" height=\"150\" src=\"https:\/\/www.kamen.hr\/wp-content\/uploads\/2023\/12\/photo_2023-12-22-13.12.07-150x150.jpeg\" class=\"attachment-thumbnail size-thumbnail\" alt=\"\" \/><\/a>\n\t\t\t<\/dt><\/dl><dl class='gallery-item'>\n\t\t\t<dt class='gallery-icon landscape'>\n\t\t\t\t<a href='https:\/\/www.kamen.hr\/wp-content\/uploads\/2023\/12\/photo_2023-12-22-13.12.05.jpeg' title=\"\" data-rl_title=\"\" class=\"rl-gallery-link\" data-rl_caption=\"\" data-rel=\"lightbox-gallery-1\"><img loading=\"lazy\" decoding=\"async\" width=\"150\" height=\"150\" src=\"https:\/\/www.kamen.hr\/wp-content\/uploads\/2023\/12\/photo_2023-12-22-13.12.05-150x150.jpeg\" class=\"attachment-thumbnail size-thumbnail\" alt=\"\" \/><\/a>\n\t\t\t<\/dt><\/dl><br style=\"clear: both\" \/><dl class='gallery-item'>\n\t\t\t<dt class='gallery-icon portrait'>\n\t\t\t\t<a href='https:\/\/www.kamen.hr\/wp-content\/uploads\/2023\/12\/photo_2023-12-22-13.12.04.jpeg' title=\"\" data-rl_title=\"\" class=\"rl-gallery-link\" data-rl_caption=\"\" data-rel=\"lightbox-gallery-1\"><img loading=\"lazy\" decoding=\"async\" width=\"150\" height=\"150\" src=\"https:\/\/www.kamen.hr\/wp-content\/uploads\/2023\/12\/photo_2023-12-22-13.12.04-150x150.jpeg\" class=\"attachment-thumbnail size-thumbnail\" alt=\"\" \/><\/a>\n\t\t\t<\/dt><\/dl><dl class='gallery-item'>\n\t\t\t<dt class='gallery-icon portrait'>\n\t\t\t\t<a href='https:\/\/www.kamen.hr\/wp-content\/uploads\/2023\/12\/photo_2023-12-22-13.12.02.jpeg' title=\"\" data-rl_title=\"\" class=\"rl-gallery-link\" data-rl_caption=\"\" data-rel=\"lightbox-gallery-1\"><img loading=\"lazy\" decoding=\"async\" width=\"150\" height=\"150\" src=\"https:\/\/www.kamen.hr\/wp-content\/uploads\/2023\/12\/photo_2023-12-22-13.12.02-150x150.jpeg\" class=\"attachment-thumbnail size-thumbnail\" alt=\"\" \/><\/a>\n\t\t\t<\/dt><\/dl><dl class='gallery-item'>\n\t\t\t<dt class='gallery-icon landscape'>\n\t\t\t\t<a href='https:\/\/www.kamen.hr\/wp-content\/uploads\/2023\/12\/photo_2023-12-22-13.12.01.jpeg' title=\"\" data-rl_title=\"\" class=\"rl-gallery-link\" data-rl_caption=\"\" data-rel=\"lightbox-gallery-1\"><img loading=\"lazy\" decoding=\"async\" width=\"150\" height=\"150\" src=\"https:\/\/www.kamen.hr\/wp-content\/uploads\/2023\/12\/photo_2023-12-22-13.12.01-150x150.jpeg\" class=\"attachment-thumbnail size-thumbnail\" alt=\"\" \/><\/a>\n\t\t\t<\/dt><\/dl>\n\t\t\t<br style='clear: both' \/>\n\t\t<\/div>\n\n<p>&nbsp;<\/p>\n<p><strong>Kontakt osobe za dodatne informacije: <\/strong><\/p>\n<p>Edi Belac,<\/p>\n<p>edi.belac@kamen.hr<\/p>\n<p>098 978 9388<\/p>","protected":false},"excerpt":{"rendered":"<p>&nbsp; Obavijest o projektu i sufinanciranju Na temelju Odluke o sustavu upravljanja pra\u0107enju provedbe aktivnosti u okviru Nacionalnog programa oporavka i otpornosti 2021-2026., Programa dodjele dr\u017eavnih potpora za promicanje energetske u\u010dinkovitosti i kori\u0161tenja obnovljivih izvora energije u poduze\u0107ima, te Poziva na dostavu projektnih prijedloga \u201ePove\u0107anje energetske u\u010dinkovitosti i kori\u0161tenja obnovljivih izvora energije u proizvodnim industrijama\u201c, [&hellip;]<\/p>\n","protected":false},"author":1,"featured_media":0,"parent":0,"menu_order":0,"comment_status":"closed","ping_status":"closed","template":"","meta":{"_acf_changed":false,"footnotes":""},"class_list":["post-3641","page","type-page","status-publish","hentry"],"acf":[],"_links":{"self":[{"href":"https:\/\/www.kamen.hr\/hr\/wp-json\/wp\/v2\/pages\/3641","targetHints":{"allow":["GET"]}}],"collection":[{"href":"https:\/\/www.kamen.hr\/hr\/wp-json\/wp\/v2\/pages"}],"about":[{"href":"https:\/\/www.kamen.hr\/hr\/wp-json\/wp\/v2\/types\/page"}],"author":[{"embeddable":true,"href":"https:\/\/www.kamen.hr\/hr\/wp-json\/wp\/v2\/users\/1"}],"replies":[{"embeddable":true,"href":"https:\/\/www.kamen.hr\/hr\/wp-json\/wp\/v2\/comments?post=3641"}],"version-history":[{"count":16,"href":"https:\/\/www.kamen.hr\/hr\/wp-json\/wp\/v2\/pages\/3641\/revisions"}],"predecessor-version":[{"id":4192,"href":"https:\/\/www.kamen.hr\/hr\/wp-json\/wp\/v2\/pages\/3641\/revisions\/4192"}],"wp:attachment":[{"href":"https:\/\/www.kamen.hr\/hr\/wp-json\/wp\/v2\/media?parent=3641"}],"curies":[{"name":"wp","href":"https:\/\/api.w.org\/{rel}","templated":true}]}}