{"id":45,"date":"2016-07-19T23:55:44","date_gmt":"2016-07-19T21:55:44","guid":{"rendered":"http:\/\/www.kamen.hr\/?page_id=45"},"modified":"2022-09-14T10:33:15","modified_gmt":"2022-09-14T08:33:15","slug":"pilana","status":"publish","type":"page","link":"https:\/\/www.kamen.hr\/hr\/pilana\/","title":{"rendered":"Pilana"},"content":{"rendered":"<p>Pilana u Pazinu tvrtkin je suvremeno opremljen preradbeni pogon u kojem se kameni blokovi prera\u0111uju u plo\u010de, final, kocke, razne masivne elemente i druge zahtjevne proizvode sukladno najslo\u017eenijim narud\u017ebama na\u0161ih kupaca.<\/p>\n<p>Obra\u0111uju se materijali iz grupe:<\/p>\n<ul>\n<li>vapnenaca<\/li>\n<li>mramora<\/li>\n<li>travertina<\/li>\n<li>granita<\/li>\n<li>pje\u0161\u010denjaka<\/li>\n<li>quarzita<\/li>\n<\/ul>\n<p>u doista \u0161irokom asortimanu raznih proizvoda.<\/p>\n<p>U procesu prerade kamena, visok stupanj kvalitete posti\u017eemo sljede\u0107om tehnologijom:<\/p>\n<ul>\n<li>9 gatera za kamen ( \u201cSIMEC\u201d, &#8220;BM&#8221; i \u201cCARL MEYER\u201d)<\/li>\n<li>4 monolame &#8220;BM&#8221;<\/li>\n<li>\u017ei\u010dana pila Bidese<\/li>\n<li>disk promjera 1800 mm (\u201cBISSO\u201d)<\/li>\n<li>linija (\u201cBRETON\u201d) za su\u0161enje, reziniranje i retiniranje gateriranih plo\u010da<\/li>\n<li>linija (\u201cBRETON\u201d) za poliranje, bru\u0161enje, \u010detkanje i pjeskarenje kamenih gateriranih plo\u010da<\/li>\n<li>linija za paljenje kamenih i granitnih plo\u010da (\u201cFRACCAROLI &amp; BALZAN\u201d)<\/li>\n<li>linija za \u0161tokovanje kamenih i granitnih plo\u010da (\u201cCARL MEYER\u201d)<\/li>\n<li>2 automatske linije za proizvodnju podova i marmeta (\u201cBRETON\u201d i \u201cSIMEC\u201d)<\/li>\n<li>linijska freza (&#8220;DONATONI SX-3&#8221;) sa 3 glave<\/li>\n<li>linija &#8220;SIMEC&#8221; za uzdu\u017eno i pore\u010dno rezanje<\/li>\n<li>5 freza CNC sa 5 osi (&#8220;BRETON&#8221; i &#8220;DONATONI&#8221;)<\/li>\n<li>7 freza sa 3-4 osi (&#8220;BISSO&#8221; i &#8220;CMPI&#8221;)<\/li>\n<li>linija sastavljena od 3 stroja za kalanje kamena (\u201cBENETTI MACCHINE\u201d)<\/li>\n<li>stroj za \u201cburatanje\u201d kamena (tzv. \u201cburatatrice\u201d \u2013 \u201cR\u00d6SSLER\u201d i &#8220;KROMAS&#8221;)<\/li>\n<li>stroj za grebanje (tzv. \u201cgraffiatrice\u201d \u2013 \u201cCAMPAGNOLA &amp; FEDELI\u201d)<\/li>\n<li>3 stroja za pjeskarenje (\u201cCOGEIM\u201d)<\/li>\n<li>strojevi za obradu zaobljenih i ravnih ivica (&#8220;MONTRESOR&#8221; i &#8220;COMANDULLI&#8221;)<\/li>\n<li>CNC stroj za graviranje i izradu reljefa<\/li>\n<li>stroj za rezanje vodenim mlazom (Water-jet)<\/li>\n<li>bu\u0161ilica (&#8220;PROTEC&#8221;)<\/li>\n<li>3 brusilice za masive (&#8220;BISSO&#8221;)<\/li>\n<li>te klesariju za razne stru\u010dne ru\u010dne obrade<\/li>\n<\/ul>\n<p>Od povr\u0161inskih obrada na kamenu nudimo:<\/p>\n<ul>\n<li>rezinirano (\u201cepoxy\u201d impregnacija)<\/li>\n<li>rezinirano sa PVC mre\u017eom (na stra\u017enjoj strani plo\u010da)<\/li>\n<li>bru\u0161eno<\/li>\n<li>polirano<\/li>\n<li>\u010detkano (\u201cantico\u201d)<\/li>\n<li>pjeskareno u max \u0161irini 60 cm<\/li>\n<li>pjeskareno &amp; \u010detkano u max \u0161irini od 60 cm<\/li>\n<li>pjeskareno &amp; \u010detkano sa razbijenim bridovima u max \u0161irini od 60 cm<\/li>\n<li>paljeno<\/li>\n<li>paljeno &amp; \u010detkano<\/li>\n<li>paljeno sa razbijenim bridovima<\/li>\n<li>\u0161tokovano<\/li>\n<li>\u0161tokovano &amp; \u010detkano<\/li>\n<li>\u0161picano strojno (grubo i fino)<\/li>\n<li>\u0161picano ru\u010dno<\/li>\n<li>\u0161picano &amp; \u010detkano<\/li>\n<li>\u0161picano &amp; \u010detkano sa razbijenim bridovima<\/li>\n<li>grebano (\u201cgraffiato\u201d \u2013 nudimo 20-ak vrsti) u max \u0161irini od 60 cm<\/li>\n<li>grebano &amp; \u010detkano u max \u0161irini od 60 cm<\/li>\n<li>grebano valovito (\u201cgraffiato ondulato\u201d) u max \u0161irini od 60 cm<\/li>\n<li>brazdano (\u201crigato\u201d \u2013 razmaka 4, 6, 8 i 10 mm) u max \u0161irini od 60 cm<\/li>\n<li>brazdano &amp; \u010detkano u max \u0161irini od 60 cm<\/li>\n<li>\u201cburatato\u201d (u max dimenziji 40\u00d740 cm)<\/li>\n<li>\u201c\u017egrafonirano\u201d<\/li>\n<li>\u201crulatto\u201d<\/li>\n<li>bunjano ru\u010dno<\/li>\n<li>kalano strojno<\/li>\n<li>i razne kombinacije gore spomenutih obrada<\/li>\n<li>s rezanim ili kalanim ivicama\u2026<\/li>\n<li>s o\u0161trim, lagano oborenim, pjeskarenim, \u0161tokovanim\u2026 bridovima<\/li>\n<\/ul>\n<p>Proizvodni kapacitet Pilane i proizvodnog pogona u kamenolomu Kanfanar je cca:<\/p>\n<ul>\n<li>350.000 m<sup>2<\/sup> gateriranih plo\u010da vapnenca i mramora<\/li>\n<li>300.000 m<sup>2<\/sup> finalnih plo\u010da vapnenca i mramora<\/li>\n<li>30.000 m<sup>2<\/sup> finalnih kalanih proizvoda<\/li>\n<li>3.800 m<sup>3<\/sup> finalnih masivnih elemenata vapnenca\u2026<\/li>\n<\/ul>\n<p><\/p>","protected":false},"excerpt":{"rendered":"<p>Pilana u Pazinu tvrtkin je suvremeno opremljen preradbeni pogon u kojem se kameni blokovi prera\u0111uju u plo\u010de, final, kocke, razne masivne elemente i druge zahtjevne proizvode sukladno najslo\u017eenijim narud\u017ebama na\u0161ih kupaca. Obra\u0111uju se materijali iz grupe: vapnenaca mramora travertina granita pje\u0161\u010denjaka quarzita u doista \u0161irokom asortimanu raznih proizvoda. U procesu prerade kamena, visok stupanj kvalitete [&hellip;]<\/p>\n","protected":false},"author":1,"featured_media":787,"parent":0,"menu_order":0,"comment_status":"closed","ping_status":"closed","template":"template_pilana.php","meta":{"_acf_changed":false,"footnotes":""},"class_list":["post-45","page","type-page","status-publish","has-post-thumbnail","hentry"],"acf":[],"_links":{"self":[{"href":"https:\/\/www.kamen.hr\/hr\/wp-json\/wp\/v2\/pages\/45","targetHints":{"allow":["GET"]}}],"collection":[{"href":"https:\/\/www.kamen.hr\/hr\/wp-json\/wp\/v2\/pages"}],"about":[{"href":"https:\/\/www.kamen.hr\/hr\/wp-json\/wp\/v2\/types\/page"}],"author":[{"embeddable":true,"href":"https:\/\/www.kamen.hr\/hr\/wp-json\/wp\/v2\/users\/1"}],"replies":[{"embeddable":true,"href":"https:\/\/www.kamen.hr\/hr\/wp-json\/wp\/v2\/comments?post=45"}],"version-history":[{"count":17,"href":"https:\/\/www.kamen.hr\/hr\/wp-json\/wp\/v2\/pages\/45\/revisions"}],"predecessor-version":[{"id":3914,"href":"https:\/\/www.kamen.hr\/hr\/wp-json\/wp\/v2\/pages\/45\/revisions\/3914"}],"wp:featuredmedia":[{"embeddable":true,"href":"https:\/\/www.kamen.hr\/hr\/wp-json\/wp\/v2\/media\/787"}],"wp:attachment":[{"href":"https:\/\/www.kamen.hr\/hr\/wp-json\/wp\/v2\/media?parent=45"}],"curies":[{"name":"wp","href":"https:\/\/api.w.org\/{rel}","templated":true}]}}